{"id":2054,"date":"2025-07-10T14:16:11","date_gmt":"2025-07-10T11:16:11","guid":{"rendered":"https:\/\/manospension.com\/datenschutzbestimmungen\/"},"modified":"2025-07-18T17:51:25","modified_gmt":"2025-07-18T14:51:25","slug":"datenschutzbestimmungen","status":"publish","type":"page","link":"https:\/\/manospension.com\/de\/datenschutzbestimmungen\/","title":{"rendered":"Datenschutzbestimmungen"},"content":{"rendered":"\t\t<div data-elementor-type=\"wp-page\" data-elementor-id=\"2054\" class=\"elementor elementor-2054 elementor-1424\" data-elementor-post-type=\"page\">\n\t\t\t\t<div class=\"elementor-element elementor-element-44b767d e-flex e-con-boxed e-con e-parent\" data-id=\"44b767d\" data-element_type=\"container\" data-settings=\"{&quot;background_background&quot;:&quot;classic&quot;}\">\n\t\t\t\t\t<div class=\"e-con-inner\">\n\t\t<div class=\"elementor-element elementor-element-7dde73f e-con-full e-flex e-con e-child\" data-id=\"7dde73f\" data-element_type=\"container\" data-settings=\"{&quot;background_background&quot;:&quot;classic&quot;}\">\n\t\t\t\t<div class=\"elementor-element elementor-element-09f7b06 elementor-widget elementor-widget-heading\" data-id=\"09f7b06\" data-element_type=\"widget\" data-widget_type=\"heading.default\">\n\t\t\t\t<div class=\"elementor-widget-container\">\n\t\t\t\t\t<h1 class=\"elementor-heading-title elementor-size-default\">Datenschutzbestimmungen<\/h1>\t\t\t\t<\/div>\n\t\t\t\t<\/div>\n\t\t\t\t<\/div>\n\t\t\t\t\t<\/div>\n\t\t\t\t<\/div>\n\t\t<div class=\"elementor-element elementor-element-5d440dd e-flex e-con-boxed e-con e-parent\" data-id=\"5d440dd\" data-element_type=\"container\">\n\t\t\t\t\t<div class=\"e-con-inner\">\n\t\t\t\t<div class=\"elementor-element elementor-element-cd33dbd elementor-widget elementor-widget-text-editor\" data-id=\"cd33dbd\" data-element_type=\"widget\" data-widget_type=\"text-editor.default\">\n\t\t\t\t<div class=\"elementor-widget-container\">\n\t\t\t\t\t\t\t\t\t<h2>Datenschutzbestimmungen<\/h2>\n  <p><strong>Zuletzt aktualisiert:<\/strong> Juli 17, 2025<\/p>\n\n  <h2>1. Einf\u00fchrung<\/h2>\n  <p>Bei <strong>Manos Pension<\/strong>, erreichbar unter <a href=\"https:\/\/manospension.com\/de\/\">https:\/\/manospension.com,<\/a> verpflichten wir uns zum Schutz Ihrer pers\u00f6nlichen Daten und Ihrer Datenschutzrechte. Diese Datenschutzerkl\u00e4rung erl\u00e4utert, wie wir Ihre Daten sammeln, verwenden und sch\u00fctzen. <\/p>\n\n  <h2>2. Welche Daten wir sammeln<\/h2>\n  <p>Wir sammeln nur pers\u00f6nliche Daten, die Sie freiwillig \u00fcber unser Kontaktformular angeben. Dazu k\u00f6nnen geh\u00f6ren: <\/p>\n  <ul>\n    <li>Ihr Name<\/li>\n    <li>Ihre E-Mail Adresse<\/li>\n    <li>Ihre Nachricht oder Anfrage<\/li>\n  <\/ul>\n  <p>Wir verwenden auch Google Analytics, um anonymisierte Daten \u00fcber die Nutzung der Website zu sammeln, wie z.B.:<\/p>\n  <ul>\n    <li>Browser und Ger\u00e4tetyp<\/li>\n    <li>Besuchte Seiten<\/li>\n    <li>Auf der Website verbrachte Zeit<\/li>\n    <li>Allgemeiner Standort (Stadt, Land)<\/li>\n  <\/ul>\n\n  <h2>3. Wie wir Ihre Daten verwenden<\/h2>\n  <p>Ihre Daten werden ausschlie\u00dflich dazu verwendet:<\/p>\n  <ul>\n    <li>Beantworten Sie Ihre Nachrichten und Anfragen<\/li>\n    <li>Analysieren Sie den Datenverkehr und verbessern Sie die Leistung Ihrer Website mit Google Analytics<\/li>\n  <\/ul>\n  <p>Wir verkaufen, vermieten oder geben Ihre pers\u00f6nlichen Daten nicht an Dritte weiter.<\/p>\n\n  <h2>4. Datenspeicherung &amp; Sicherheit<\/h2>\n  <p>\u00dcber das Kontaktformular \u00fcbermittelte Nachrichten werden direkt an unsere E-Mail gesendet und nicht auf dem Server der Website gespeichert. Wir ergreifen geeignete technische und organisatorische Ma\u00dfnahmen, um die Sicherheit Ihrer Daten zu gew\u00e4hrleisten. <\/p>\n\n  <h2>5. Cookies<\/h2>\n  <p>Wir verwenden Cookies ausschlie\u00dflich \u00fcber Google Analytics. Diese Cookies helfen uns, das Nutzerverhalten auf der Website zu verstehen und erfassen keine pers\u00f6nlichen Daten. <\/p>\n  <p>Sie k\u00f6nnen Cookies jederzeit \u00fcber Ihre Browsereinstellungen deaktivieren.<\/p>\n\n  <h2>6. Dienstleistungen von Drittanbietern<\/h2>\n  <p>Diese Website nutzt den folgenden Drittanbieter-Service:<\/p>\n  <ul>\n    <li><strong>Google Analytics:<\/strong> Wird verwendet, um anonyme Nutzungs- und Leistungsdaten der Website zu verfolgen. Sehen Sie sich die Datenschutzbestimmungen von Google <a href=\"https:\/\/policies.google.com\/privacy\" target=\"_blank\" rel=\"noopener\">hier<\/a> an. <\/li>\n  <\/ul>\n\n  <h2>7. Ihre Rechte (gem\u00e4\u00df GDPR)<\/h2>\n  <p>Als EU-B\u00fcrger haben Sie das Recht auf:<\/p>\n  <ul>\n    <li>Zugang zu Ihren pers\u00f6nlichen Daten<\/li>\n    <li>Korrektur oder L\u00f6schung Ihrer Daten beantragen<\/li>\n    <li>Ihre Zustimmung jederzeit widerrufen<\/li>\n    <li>Eine Beschwerde bei einer Datenschutzbeh\u00f6rde einreichen<\/li>\n  <\/ul>\n  <p>Um diese Rechte auszu\u00fcben, kontaktieren Sie uns bitte unter <a href=\"mailto:info@manospension.com\">info@manospension.com.<\/a><\/p>\n\n  <h2>8. Kontakt<\/h2>\n  <p>Wenn Sie Fragen zu dieser Datenschutzrichtlinie haben, kontaktieren Sie uns bitte:<\/p>\n  <p>\n    <strong>Manos Pension<\/strong><br> Faliraki, Rhodos, Griechenland<br> E-Mail: <a href=\"mailto:info@manospension.com\">info@manospension.com<\/a>\n  <\/p>\t\t\t\t\t\t\t\t<\/div>\n\t\t\t\t<\/div>\n\t\t\t\t\t<\/div>\n\t\t\t\t<\/div>\n\t\t\t\t<\/div>\n\t\t","protected":false},"excerpt":{"rendered":"<p>Datenschutzbestimmungen Datenschutzbestimmungen Zuletzt aktualisiert: Juli 17, 2025 1. Einf\u00fchrung Bei Manos Pension, erreichbar unter https:\/\/manospension.com, verpflichten wir uns zum Schutz Ihrer pers\u00f6nlichen Daten und Ihrer Datenschutzrechte. Diese Datenschutzerkl\u00e4rung erl\u00e4utert, wie wir Ihre Daten sammeln, verwenden und sch\u00fctzen. 2. Welche Daten wir sammeln Wir sammeln nur pers\u00f6nliche Daten, die Sie freiwillig \u00fcber unser Kontaktformular angeben. Dazu [&hellip;]<\/p>\n","protected":false},"author":1,"featured_media":0,"parent":0,"menu_order":0,"comment_status":"closed","ping_status":"closed","template":"elementor_header_footer","meta":{"footnotes":""},"class_list":["post-2054","page","type-page","status-publish","hentry"],"_links":{"self":[{"href":"https:\/\/manospension.com\/de\/wp-json\/wp\/v2\/pages\/2054","targetHints":{"allow":["GET"]}}],"collection":[{"href":"https:\/\/manospension.com\/de\/wp-json\/wp\/v2\/pages"}],"about":[{"href":"https:\/\/manospension.com\/de\/wp-json\/wp\/v2\/types\/page"}],"author":[{"embeddable":true,"href":"https:\/\/manospension.com\/de\/wp-json\/wp\/v2\/users\/1"}],"replies":[{"embeddable":true,"href":"https:\/\/manospension.com\/de\/wp-json\/wp\/v2\/comments?post=2054"}],"version-history":[{"count":1,"href":"https:\/\/manospension.com\/de\/wp-json\/wp\/v2\/pages\/2054\/revisions"}],"predecessor-version":[{"id":2055,"href":"https:\/\/manospension.com\/de\/wp-json\/wp\/v2\/pages\/2054\/revisions\/2055"}],"wp:attachment":[{"href":"https:\/\/manospension.com\/de\/wp-json\/wp\/v2\/media?parent=2054"}],"curies":[{"name":"wp","href":"https:\/\/api.w.org\/{rel}","templated":true}]}}