{"id":1970,"date":"2025-06-27T12:50:06","date_gmt":"2025-06-27T09:50:06","guid":{"rendered":"https:\/\/manospension.com\/standort\/"},"modified":"2025-07-18T17:51:27","modified_gmt":"2025-07-18T14:51:27","slug":"standort","status":"publish","type":"page","link":"https:\/\/manospension.com\/de\/standort\/","title":{"rendered":"Standort"},"content":{"rendered":"\t\t<div data-elementor-type=\"wp-page\" data-elementor-id=\"1970\" class=\"elementor elementor-1970 elementor-362\" data-elementor-post-type=\"page\">\n\t\t\t\t<div class=\"elementor-element elementor-element-ec1087d e-flex e-con-boxed e-con e-parent\" data-id=\"ec1087d\" data-element_type=\"container\" data-settings=\"{&quot;background_background&quot;:&quot;classic&quot;}\">\n\t\t\t\t\t<div class=\"e-con-inner\">\n\t\t<div class=\"elementor-element elementor-element-354f0f8 e-con-full e-flex e-con e-child\" data-id=\"354f0f8\" data-element_type=\"container\" data-settings=\"{&quot;background_background&quot;:&quot;classic&quot;}\">\n\t\t\t\t<div class=\"elementor-element elementor-element-b47dbe7 elementor-widget elementor-widget-heading\" data-id=\"b47dbe7\" data-element_type=\"widget\" data-widget_type=\"heading.default\">\n\t\t\t\t<div class=\"elementor-widget-container\">\n\t\t\t\t\t<h1 class=\"elementor-heading-title elementor-size-default\">Lage - Im Herzen von Faliraki<\/h1>\t\t\t\t<\/div>\n\t\t\t\t<\/div>\n\t\t\t\t<div class=\"elementor-element elementor-element-2d48af8 animated-slow elementor-invisible elementor-widget elementor-widget-heading\" data-id=\"2d48af8\" data-element_type=\"widget\" data-settings=\"{&quot;_animation&quot;:&quot;fadeIn&quot;,&quot;_animation_delay&quot;:150}\" data-widget_type=\"heading.default\">\n\t\t\t\t<div class=\"elementor-widget-container\">\n\t\t\t\t\t<h2 class=\"elementor-heading-title elementor-size-default\">Die Manos Pension liegt nur einen kurzen Spaziergang vom Strand, den Restaurants, Gesch\u00e4ften und dem pulsierenden Nachtleben von Faliraki entfernt. Ganz gleich, ob Sie hier entspannen oder auf Entdeckungstour gehen wollen, Sie finden alles, was Sie brauchen, direkt vor Ihrer Haust\u00fcr. <\/h2>\t\t\t\t<\/div>\n\t\t\t\t<\/div>\n\t\t\t\t<\/div>\n\t\t\t\t\t<\/div>\n\t\t\t\t<\/div>\n\t\t<div class=\"elementor-element elementor-element-9607045 e-flex e-con-boxed e-con e-parent\" data-id=\"9607045\" data-element_type=\"container\" data-settings=\"{&quot;background_background&quot;:&quot;classic&quot;}\">\n\t\t\t\t\t<div class=\"e-con-inner\">\n\t\t<div class=\"elementor-element elementor-element-a5dce34 e-con-full e-flex elementor-invisible e-con e-child\" data-id=\"a5dce34\" data-element_type=\"container\" data-settings=\"{&quot;animation&quot;:&quot;fadeInUp&quot;,&quot;animation_delay&quot;:0}\">\n\t\t\t\t<div class=\"elementor-element elementor-element-0ac5427 elementor-widget elementor-widget-heading\" data-id=\"0ac5427\" data-element_type=\"widget\" data-widget_type=\"heading.default\">\n\t\t\t\t<div class=\"elementor-widget-container\">\n\t\t\t\t\t<h2 class=\"elementor-heading-title elementor-size-default\">Was ist in der N\u00e4he<\/h2>\t\t\t\t<\/div>\n\t\t\t\t<\/div>\n\t\t\t\t<div class=\"elementor-element elementor-element-dce3bca elementor-icon-list--layout-traditional elementor-list-item-link-full_width elementor-widget elementor-widget-icon-list\" data-id=\"dce3bca\" data-element_type=\"widget\" data-widget_type=\"icon-list.default\">\n\t\t\t\t<div class=\"elementor-widget-container\">\n\t\t\t\t\t\t\t<ul class=\"elementor-icon-list-items\">\n\t\t\t\t\t\t\t<li class=\"elementor-icon-list-item\">\n\t\t\t\t\t\t\t\t\t\t<span class=\"elementor-icon-list-text\"><strong>Der Sandstrand von Faliraki<\/strong> ist nur 5 Minuten zu Fu\u00df entfernt - ideal zum morgendlichen Schwimmen oder abendlichen Spazierengehen.<\/span>\n\t\t\t\t\t\t\t\t\t<\/li>\n\t\t\t\t\t\t\t\t<li class=\"elementor-icon-list-item\">\n\t\t\t\t\t\t\t\t\t\t<span class=\"elementor-icon-list-text\"><strong>Faliraki Bar Street<\/strong> Genie\u00dfen Sie das ber\u00fchmte Nachtleben mit Clubs und Bars.<\/span>\n\t\t\t\t\t\t\t\t\t<\/li>\n\t\t\t\t\t\t\t\t<li class=\"elementor-icon-list-item\">\n\t\t\t\t\t\t\t\t\t\t<span class=\"elementor-icon-list-text\"><strong>Tavernen &amp; Restaurants<\/strong> Dutzende von lokalen und internationalen Restaurants sind zu Fu\u00df erreichbar.<\/span>\n\t\t\t\t\t\t\t\t\t<\/li>\n\t\t\t\t\t\t\t\t<li class=\"elementor-icon-list-item\">\n\t\t\t\t\t\t\t\t\t\t<span class=\"elementor-icon-list-text\"><strong>Gesch\u00e4fte &amp; M\u00e4rkte Mini-M\u00e4rkte<\/strong>, Souvenirl\u00e4den und Lebensmittelgesch\u00e4fte in der N\u00e4he.<\/span>\n\t\t\t\t\t\t\t\t\t<\/li>\n\t\t\t\t\t\t\t\t<li class=\"elementor-icon-list-item\">\n\t\t\t\t\t\t\t\t\t\t<span class=\"elementor-icon-list-text\"><strong>Bushaltestelle &amp; Transport \u00d6ffentliche Verkehrsmittel<\/strong> nach Rhodos-Stadt, Lindos und zu anderen Zielen sind nur 300 m entfernt.<\/span>\n\t\t\t\t\t\t\t\t\t<\/li>\n\t\t\t\t\t\t<\/ul>\n\t\t\t\t\t\t<\/div>\n\t\t\t\t<\/div>\n\t\t\t\t<\/div>\n\t\t<div class=\"elementor-element elementor-element-618e4f2 e-con-full e-flex e-con e-child\" data-id=\"618e4f2\" data-element_type=\"container\">\n\t\t\t\t<div class=\"elementor-element elementor-element-4d7311f elementor-widget elementor-widget-google_maps\" data-id=\"4d7311f\" data-element_type=\"widget\" data-widget_type=\"google_maps.default\">\n\t\t\t\t<div class=\"elementor-widget-container\">\n\t\t\t\t\t\t\t<div class=\"elementor-custom-embed\">\n\t\t\t<iframe loading=\"lazy\"\n\t\t\t\t\tsrc=\"https:\/\/maps.google.com\/maps?q=Manos%20Pension%20Faliraki&#038;t=m&#038;z=16&#038;output=embed&#038;iwloc=near\"\n\t\t\t\t\ttitle=\"Manos Pension Faliraki\"\n\t\t\t\t\taria-label=\"Manos Pension Faliraki\"\n\t\t\t><\/iframe>\n\t\t<\/div>\n\t\t\t\t\t\t<\/div>\n\t\t\t\t<\/div>\n\t\t\t\t<\/div>\n\t\t\t\t\t<\/div>\n\t\t\t\t<\/div>\n\t\t<div class=\"elementor-element elementor-element-ca54875 e-con-full e-flex e-con e-parent\" data-id=\"ca54875\" data-element_type=\"container\" data-settings=\"{&quot;background_background&quot;:&quot;classic&quot;}\">\n\t\t<div class=\"elementor-element elementor-element-5b40299 e-flex e-con-boxed e-con e-child\" data-id=\"5b40299\" data-element_type=\"container\">\n\t\t\t\t\t<div class=\"e-con-inner\">\n\t\t\t\t<div class=\"elementor-element elementor-element-3b853b5 elementor-widget__width-initial elementor-widget-tablet__width-inherit elementor-widget elementor-widget-heading\" data-id=\"3b853b5\" data-element_type=\"widget\" data-widget_type=\"heading.default\">\n\t\t\t\t<div class=\"elementor-widget-container\">\n\t\t\t\t\t<h2 class=\"elementor-heading-title elementor-size-default\">Kommen Sie als Gast, gehen Sie als Freund.<\/h2>\t\t\t\t<\/div>\n\t\t\t\t<\/div>\n\t\t<div class=\"elementor-element elementor-element-1e0d12f e-con-full e-flex e-con e-child\" data-id=\"1e0d12f\" data-element_type=\"container\">\n\t\t\t\t<div class=\"elementor-element elementor-element-77a2eea elementor-widget elementor-widget-button\" data-id=\"77a2eea\" data-element_type=\"widget\" data-widget_type=\"button.default\">\n\t\t\t\t<div class=\"elementor-widget-container\">\n\t\t\t\t\t\t\t\t\t<div class=\"elementor-button-wrapper\">\n\t\t\t\t\t<a class=\"elementor-button elementor-button-link elementor-size-sm\" href=\"https:\/\/www.booking.com\/hotel\/gr\/manos-pension-faliraki-rhodes.en-gb.html?aid=356980&#038;label=gog235jc-1FCAsoXEIdbWFub3MtcGVuc2lvbi1mYWxpcmFraS1yaG9kZXNICFgDaFyIAQGYAQm4ARjIAQzYAQHoAQH4AQyIAgGoAgS4Atal6cMGwAIB0gIkNzZiMzZhZTctMGU2Yy00ZWM4LWEyMmItNzVjZDU4MzYxNmY32AIG4AIB&#038;sid=fb56a4f53b2ea42e0bc92c155123565c&#038;dest_id=900039186&#038;dest_type=city&#038;dist=0&#038;group_adults=2&#038;group_children=0&#038;hapos=1&#038;hpos=1&#038;no_rooms=1&#038;req_adults=2&#038;req_children=0&#038;room1=A%2CA&#038;sb_price_type=total&#038;sr_order=popularity&#038;srepoch=1752847067&#038;srpvid=d7cd622cce2106bb&#038;type=total&#038;ucfs=1&#038;\" target=\"_blank\" rel=\"noopener\">\n\t\t\t\t\t\t<span class=\"elementor-button-content-wrapper\">\n\t\t\t\t\t\t\t\t\t<span class=\"elementor-button-text\">Buchen Sie Ihren Aufenthalt<\/span>\n\t\t\t\t\t<\/span>\n\t\t\t\t\t<\/a>\n\t\t\t\t<\/div>\n\t\t\t\t\t\t\t\t<\/div>\n\t\t\t\t<\/div>\n\t\t\t\t<div class=\"elementor-element elementor-element-7affd42 elementor-mobile-align-center elementor-widget elementor-widget-button\" data-id=\"7affd42\" data-element_type=\"widget\" data-widget_type=\"button.default\">\n\t\t\t\t<div class=\"elementor-widget-container\">\n\t\t\t\t\t\t\t\t\t<div class=\"elementor-button-wrapper\">\n\t\t\t\t\t<a class=\"elementor-button elementor-button-link elementor-size-sm\" href=\"https:\/\/manospension.com\/de\/kontakt\/\">\n\t\t\t\t\t\t<span class=\"elementor-button-content-wrapper\">\n\t\t\t\t\t\t<span class=\"elementor-button-icon\">\n\t\t\t\t<i aria-hidden=\"true\" class=\"icon icon-right-arrow\"><\/i>\t\t\t<\/span>\n\t\t\t\t\t\t\t\t\t<span class=\"elementor-button-text\">Kontaktieren Sie uns<\/span>\n\t\t\t\t\t<\/span>\n\t\t\t\t\t<\/a>\n\t\t\t\t<\/div>\n\t\t\t\t\t\t\t\t<\/div>\n\t\t\t\t<\/div>\n\t\t\t\t<\/div>\n\t\t\t\t\t<\/div>\n\t\t\t\t<\/div>\n\t\t\t\t<\/div>\n\t\t\t\t<\/div>\n\t\t","protected":false},"excerpt":{"rendered":"<p>Lage - Im Herzen von Faliraki Die Manos Pension liegt nur einen kurzen Spaziergang vom Strand, den Restaurants, Gesch\u00e4ften und dem pulsierenden Nachtleben von Faliraki entfernt. Ganz gleich, ob Sie hier entspannen oder auf Entdeckungstour gehen wollen, Sie finden alles, was Sie brauchen, direkt vor Ihrer Haust\u00fcr. Was ist in der N\u00e4he Der Sandstrand von [&hellip;]<\/p>\n","protected":false},"author":1,"featured_media":0,"parent":0,"menu_order":0,"comment_status":"closed","ping_status":"closed","template":"elementor_header_footer","meta":{"footnotes":""},"class_list":["post-1970","page","type-page","status-publish","hentry"],"_links":{"self":[{"href":"https:\/\/manospension.com\/de\/wp-json\/wp\/v2\/pages\/1970","targetHints":{"allow":["GET"]}}],"collection":[{"href":"https:\/\/manospension.com\/de\/wp-json\/wp\/v2\/pages"}],"about":[{"href":"https:\/\/manospension.com\/de\/wp-json\/wp\/v2\/types\/page"}],"author":[{"embeddable":true,"href":"https:\/\/manospension.com\/de\/wp-json\/wp\/v2\/users\/1"}],"replies":[{"embeddable":true,"href":"https:\/\/manospension.com\/de\/wp-json\/wp\/v2\/comments?post=1970"}],"version-history":[{"count":1,"href":"https:\/\/manospension.com\/de\/wp-json\/wp\/v2\/pages\/1970\/revisions"}],"predecessor-version":[{"id":2065,"href":"https:\/\/manospension.com\/de\/wp-json\/wp\/v2\/pages\/1970\/revisions\/2065"}],"wp:attachment":[{"href":"https:\/\/manospension.com\/de\/wp-json\/wp\/v2\/media?parent=1970"}],"curies":[{"name":"wp","href":"https:\/\/api.w.org\/{rel}","templated":true}]}}